{"id":8453,"date":"2023-07-14T06:56:07","date_gmt":"2023-07-14T06:56:07","guid":{"rendered":"https:\/\/bestecasinosschweiz.local\/politica-sulla-privacy\/"},"modified":"2023-07-14T06:56:08","modified_gmt":"2023-07-14T06:56:08","slug":"politica-sulla-privacy","status":"publish","type":"page","link":"https:\/\/bestecasinosschweiz.ch\/it\/politica-sulla-privacy\/","title":{"rendered":"Politica sulla privacy"},"content":{"rendered":"\n<p>La presente informativa sulla privacy chiarisce la natura, l&#8217;ambito e le finalit\u00e0 della raccolta e dell&#8217;utilizzo dei dati dei visitatori e degli utenti (di seguito denominati collettivamente &#8220;utenti&#8221;) da parte di Bestecasinosschweiz.ch (di seguito denominato &#8220;provider&#8221;) in qualit\u00e0 di titolare del trattamento.<\/p>\n\n<p>Se ha domande sulla protezione dei dati, la preghiamo di contattarci via e-mail: info@bestecasinosschweiz.ch  <\/p>\n\n<p>Raccolta di dati di accesso<br\/>Il fornitore raccoglie dati su ogni accesso all&#8217;offerta online (i cosiddetti file di log del server). I dati di accesso includono il nome del sito web a cui si accede, il file, la data e l&#8217;ora dell&#8217;accesso, la quantit\u00e0 di dati trasferiti, la notifica di accesso riuscito, il tipo e la versione del browser, il sistema operativo dell&#8217;utente, il referrer URL (la pagina precedentemente visitata), l&#8217;indirizzo IP e il provider richiedente.<\/p>\n\n<p>Il fornitore utilizza i dati di log senza attribuzione alla persona dell&#8217;utente o altri profili in conformit\u00e0 alle disposizioni legali solo per valutazioni statistiche ai fini del funzionamento, della sicurezza e dell&#8217;ottimizzazione dell&#8217;offerta online. Tuttavia, il fornitore si riserva il diritto di controllare successivamente i dati di log se c&#8217;\u00e8 un sospetto giustificato di uso illegale a causa di indicazioni concrete.<\/p>\n\n<p>Raccolta e uso dei dati personali<br\/>I dati personali sono raccolti e utilizzati dal fornitore solo se ci\u00f2 \u00e8 permesso dalla legge o se gli utenti acconsentono alla raccolta dei dati. Di regola, \u00e8 riconoscibile per l&#8217;utente quali dati vengono memorizzati quando si utilizza il servizio, per esempio il nome, l&#8217;indirizzo e-mail e il messaggio quando si utilizza un modulo d&#8217;ordine o quando si crea un account utente.<\/p>\n\n<p>Quando si contatta il fornitore (tramite modulo di contatto o e-mail), i dati dell&#8217;utente vengono memorizzati allo scopo di elaborare la richiesta e nel caso in cui sorgano domande di follow-up.<\/p>\n\n<p>Il fornitore ha adottato misure di sicurezza organizzative, contrattuali e tecniche per garantire il rispetto delle disposizioni delle leggi sulla protezione dei dati e per impedire la manipolazione, la perdita, la distruzione o l&#8217;accesso accidentale o intenzionale da parte di persone non autorizzate.<\/p>\n\n<p>Inoltro dei dati a terzi<br\/>I dati degli utenti saranno inoltrati a terzi solo se ci\u00f2 \u00e8 consentito dalla legge o se l&#8217;utente ha acconsentito all&#8217;inoltro.<br\/>Questo \u00e8 il caso, per esempio, quando i dati sono richiesti da autorit\u00e0 competenti come le forze dell&#8217;ordine.<br\/>I dati personali degli utenti non saranno in alcun modo venduti o inoltrati a terzi per scopi pubblicitari o per la creazione di profili utente.<\/p>\n\n<p>Cookie<br\/>Il fornitore utilizza &#8220;cookies&#8221; come parte della sua offerta online. I cookie sono piccoli file che vengono memorizzati sul computer dell&#8217;utente e possono salvare informazioni per i fornitori. I cookie temporanei vengono cancellati dopo la chiusura del browser, mentre i cookie permanenti rimangono per un determinato periodo di tempo e possono rendere disponibili le informazioni memorizzate quando si richiama nuovamente l&#8217;offerta online.<br\/>I cookie sono utilizzati da un lato per facilitare l&#8217;uso del servizio. Ad esempio, un cookie memorizza lo stato del carrello della spesa di un utente o sa se un utente ha gi\u00e0 effettuato il login tramite il browser.<br\/>L&#8217;utente pu\u00f2 influenzare l&#8217;uso dei cookies. La maggior parte dei browser ha un&#8217;opzione per limitare o impedire completamente il salvataggio dei cookie. Il fornitore si sforza di progettare l&#8217;offerta online in modo tale che l&#8217;uso dei cookies non sia necessario. Tuttavia, si sottolinea che l&#8217;uso e in particolare il comfort dell&#8217;utente sar\u00e0 limitato senza i cookies.<\/p>\n\n<p>Google Analytics<br\/>Il fornitore utilizza il servizio &#8220;Google Analytics&#8221;, che \u00e8 fornito da Google Inc. (1600 Amphitheatre Parkway Mountain View, CA 94043, USA) per analizzare l&#8217;uso del sito web da parte dell&#8217;utente. Il servizio utilizza &#8220;cookies&#8221;. Le informazioni raccolte dai cookie vengono solitamente inviate a un server di Google negli Stati Uniti e l\u00ec memorizzate.<\/p>\n\n<p>Lei ha la possibilit\u00e0 di impedire che il cookie venga memorizzato sul suo dispositivo effettuando le impostazioni appropriate nel suo browser. Non \u00e8 garantito che lei possa accedere a tutte le funzioni di questo sito web senza restrizioni se il suo browser non permette i cookies.<\/p>\n\n<p>Inoltre, \u00e8 possibile utilizzare un plug-in del browser per impedire che le informazioni raccolte dai cookie (compreso il vostro indirizzo IP) vengano trasmesse a Google Inc. e inviato da Google Inc. essere utilizzato. Il seguente link vi porter\u00e0 al plugin corrispondente: https:\/\/tools.google.com\/dlpage\/gaoptout?<\/p>\n\n<p>Qui potete trovare ulteriori informazioni sull&#8217;uso dei dati da parte di Google Inc.: https:\/\/support.google.com\/analytics\/answer\/6004245?hl=de<\/p>\n\n<p>Affiliazione al gioco d&#8217;azzardo<br\/>Utilizziamo i servizi di Gambling-Affiliation.com (di seguito &#8220;GA&#8221;), un fornitore terzo, per visualizzare alcuni materiali pubblicitari sotto forma di banner, pulsanti e link cliccabili. Quando visualizziamo questi annunci o quando lei clicca su questi annunci, &#8220;GA&#8221; raccoglie il suo indirizzo IP a scopo di rilevamento delle frodi e poi la reindirizza al sito web dell&#8217;inserzionista. In alcuni casi, i cookie &#8220;GA&#8221; vengono memorizzati sul suo dispositivo. Per maggiori informazioni, la invitiamo a leggere la politica sui cookie di &#8220;GA&#8221; all&#8217;indirizzo https:\/\/www.gambling-affiliation.com\/en\/cookies-policy.<\/p>\n\n<p>Revoca, emendamenti, correzioni e aggiornamenti<br\/>L&#8217;utente ha il diritto, su richiesta e gratuitamente, di ricevere informazioni sui dati personali memorizzati su di lui dal fornitore. Le informazioni di contatto si trovano nell&#8217;impronta del fornitore.<br\/>Inoltre, l&#8217;utente ha il diritto di correggere i dati errati, bloccare e cancellare i suoi dati personali, a condizione che non vi sia alcun obbligo legale di conservare tali dati.<\/p>\n\n<p>Modifiche alla politica sulla privacy<br\/>L&#8217;offerente si riserva il diritto di modificare la dichiarazione di protezione dei dati per adattarla ai cambiamenti della situazione giuridica o in caso di modifiche del servizio e del trattamento dei dati.<\/p>\n","protected":false},"excerpt":{"rendered":"<p>La presente informativa sulla privacy chiarisce la natura, l&#8217;ambito e le finalit\u00e0 della raccolta e dell&#8217;utilizzo dei dati dei visitatori e degli utenti (di seguito &#8230; <a title=\"Politica sulla privacy\" class=\"read-more\" href=\"https:\/\/bestecasinosschweiz.ch\/it\/politica-sulla-privacy\/\" aria-label=\"More on Politica sulla privacy\">Mehr lesen<\/a><\/p>\n","protected":false},"author":1,"featured_media":0,"parent":0,"menu_order":0,"comment_status":"closed","ping_status":"closed","template":"","meta":{"_uag_custom_page_level_css":"","footnotes":""},"class_list":["post-8453","page","type-page","status-publish","hentry","infinite-scroll-item"],"yoast_head":"<!-- This site is optimized with the Yoast SEO plugin v27.1.1 - https:\/\/yoast.com\/product\/yoast-seo-wordpress\/ -->\n<title>Politica sulla privacy a Beste Casinos Schweiz -2026 ]<\/title>\n<meta name=\"description\" content=\"Qui puoi trovare la politica sulla privacy di Bestecasinosschweiz.ch Passa subito per saperne di pi\u00f9 sulla protezione dei dati.\" \/>\n<meta name=\"robots\" content=\"noindex, follow\" \/>\n<meta property=\"og:locale\" content=\"it_IT\" \/>\n<meta property=\"og:type\" content=\"article\" \/>\n<meta property=\"og:title\" content=\"Politica sulla privacy a Beste Casinos Schweiz -2026 ]\" \/>\n<meta property=\"og:description\" content=\"Qui puoi trovare la politica sulla privacy di Bestecasinosschweiz.ch Passa subito per saperne di pi\u00f9 sulla protezione dei dati.\" \/>\n<meta property=\"og:url\" content=\"https:\/\/bestecasinosschweiz.ch\/it\/politica-sulla-privacy\/\" \/>\n<meta property=\"og:site_name\" content=\"Beste Casinos Schweiz\" \/>\n<meta property=\"article:modified_time\" content=\"2023-07-14T06:56:08+00:00\" \/>\n<meta name=\"twitter:card\" content=\"summary_large_image\" \/>\n<meta name=\"twitter:label1\" content=\"Est. reading time\" \/>\n\t<meta name=\"twitter:data1\" content=\"5 minutes\" \/>\n<script type=\"application\/ld+json\" class=\"yoast-schema-graph\">{\"@context\":\"https:\/\/schema.org\",\"@graph\":[{\"@type\":\"WebPage\",\"@id\":\"https:\/\/bestecasinosschweiz.ch\/it\/politica-sulla-privacy\/\",\"url\":\"https:\/\/bestecasinosschweiz.ch\/it\/politica-sulla-privacy\/\",\"name\":\"Politica sulla privacy a Beste Casinos Schweiz -2026 ]\",\"isPartOf\":{\"@id\":\"https:\/\/bestecasinosschweiz.ch\/it\/#website\"},\"datePublished\":\"2023-07-14T06:56:07+00:00\",\"dateModified\":\"2023-07-14T06:56:08+00:00\",\"description\":\"Qui puoi trovare la politica sulla privacy di Bestecasinosschweiz.ch Passa subito per saperne di pi\u00f9 sulla protezione dei dati.\",\"breadcrumb\":{\"@id\":\"https:\/\/bestecasinosschweiz.ch\/it\/politica-sulla-privacy\/#breadcrumb\"},\"inLanguage\":\"it-CH\",\"potentialAction\":[{\"@type\":\"ReadAction\",\"target\":[\"https:\/\/bestecasinosschweiz.ch\/it\/politica-sulla-privacy\/\"]}]},{\"@type\":\"BreadcrumbList\",\"@id\":\"https:\/\/bestecasinosschweiz.ch\/it\/politica-sulla-privacy\/#breadcrumb\",\"itemListElement\":[{\"@type\":\"ListItem\",\"position\":1,\"name\":\"Startseite\",\"item\":\"https:\/\/bestecasinosschweiz.ch\/it\/\"},{\"@type\":\"ListItem\",\"position\":2,\"name\":\"Politica sulla privacy\"}]},{\"@type\":\"WebSite\",\"@id\":\"https:\/\/bestecasinosschweiz.ch\/it\/#website\",\"url\":\"https:\/\/bestecasinosschweiz.ch\/it\/\",\"name\":\"Beste Casinos Schweiz\",\"description\":\"Die besten Online Casinos der Schweiz\",\"publisher\":{\"@id\":\"https:\/\/bestecasinosschweiz.ch\/it\/#organization\"},\"potentialAction\":[{\"@type\":\"SearchAction\",\"target\":{\"@type\":\"EntryPoint\",\"urlTemplate\":\"https:\/\/bestecasinosschweiz.ch\/it\/?s={search_term_string}\"},\"query-input\":{\"@type\":\"PropertyValueSpecification\",\"valueRequired\":true,\"valueName\":\"search_term_string\"}}],\"inLanguage\":\"it-CH\"},{\"@type\":\"Organization\",\"@id\":\"https:\/\/bestecasinosschweiz.ch\/it\/#organization\",\"name\":\"Bestecasinosschweiz.ch\",\"url\":\"https:\/\/bestecasinosschweiz.ch\/it\/\",\"logo\":{\"@type\":\"ImageObject\",\"inLanguage\":\"it-CH\",\"@id\":\"https:\/\/bestecasinosschweiz.ch\/it\/#\/schema\/logo\/image\/\",\"url\":\"https:\/\/bestecasinosschweiz.ch\/wp-content\/uploads\/BesteCasinosSchweiz-Retina.png\",\"contentUrl\":\"https:\/\/bestecasinosschweiz.ch\/wp-content\/uploads\/BesteCasinosSchweiz-Retina.png\",\"width\":274,\"height\":144,\"caption\":\"Bestecasinosschweiz.ch\"},\"image\":{\"@id\":\"https:\/\/bestecasinosschweiz.ch\/it\/#\/schema\/logo\/image\/\"}}]}<\/script>\n<!-- \/ Yoast SEO plugin. -->","yoast_head_json":{"title":"Politica sulla privacy a Beste Casinos Schweiz -2026 ]","description":"Qui puoi trovare la politica sulla privacy di Bestecasinosschweiz.ch Passa subito per saperne di pi\u00f9 sulla protezione dei dati.","robots":{"index":"noindex","follow":"follow"},"og_locale":"it_IT","og_type":"article","og_title":"Politica sulla privacy a Beste Casinos Schweiz -2026 ]","og_description":"Qui puoi trovare la politica sulla privacy di Bestecasinosschweiz.ch Passa subito per saperne di pi\u00f9 sulla protezione dei dati.","og_url":"https:\/\/bestecasinosschweiz.ch\/it\/politica-sulla-privacy\/","og_site_name":"Beste Casinos Schweiz","article_modified_time":"2023-07-14T06:56:08+00:00","twitter_card":"summary_large_image","twitter_misc":{"Est. reading time":"5 minutes"},"schema":{"@context":"https:\/\/schema.org","@graph":[{"@type":"WebPage","@id":"https:\/\/bestecasinosschweiz.ch\/it\/politica-sulla-privacy\/","url":"https:\/\/bestecasinosschweiz.ch\/it\/politica-sulla-privacy\/","name":"Politica sulla privacy a Beste Casinos Schweiz -2026 ]","isPartOf":{"@id":"https:\/\/bestecasinosschweiz.ch\/it\/#website"},"datePublished":"2023-07-14T06:56:07+00:00","dateModified":"2023-07-14T06:56:08+00:00","description":"Qui puoi trovare la politica sulla privacy di Bestecasinosschweiz.ch Passa subito per saperne di pi\u00f9 sulla protezione dei dati.","breadcrumb":{"@id":"https:\/\/bestecasinosschweiz.ch\/it\/politica-sulla-privacy\/#breadcrumb"},"inLanguage":"it-CH","potentialAction":[{"@type":"ReadAction","target":["https:\/\/bestecasinosschweiz.ch\/it\/politica-sulla-privacy\/"]}]},{"@type":"BreadcrumbList","@id":"https:\/\/bestecasinosschweiz.ch\/it\/politica-sulla-privacy\/#breadcrumb","itemListElement":[{"@type":"ListItem","position":1,"name":"Startseite","item":"https:\/\/bestecasinosschweiz.ch\/it\/"},{"@type":"ListItem","position":2,"name":"Politica sulla privacy"}]},{"@type":"WebSite","@id":"https:\/\/bestecasinosschweiz.ch\/it\/#website","url":"https:\/\/bestecasinosschweiz.ch\/it\/","name":"Beste Casinos Schweiz","description":"Die besten Online Casinos der Schweiz","publisher":{"@id":"https:\/\/bestecasinosschweiz.ch\/it\/#organization"},"potentialAction":[{"@type":"SearchAction","target":{"@type":"EntryPoint","urlTemplate":"https:\/\/bestecasinosschweiz.ch\/it\/?s={search_term_string}"},"query-input":{"@type":"PropertyValueSpecification","valueRequired":true,"valueName":"search_term_string"}}],"inLanguage":"it-CH"},{"@type":"Organization","@id":"https:\/\/bestecasinosschweiz.ch\/it\/#organization","name":"Bestecasinosschweiz.ch","url":"https:\/\/bestecasinosschweiz.ch\/it\/","logo":{"@type":"ImageObject","inLanguage":"it-CH","@id":"https:\/\/bestecasinosschweiz.ch\/it\/#\/schema\/logo\/image\/","url":"https:\/\/bestecasinosschweiz.ch\/wp-content\/uploads\/BesteCasinosSchweiz-Retina.png","contentUrl":"https:\/\/bestecasinosschweiz.ch\/wp-content\/uploads\/BesteCasinosSchweiz-Retina.png","width":274,"height":144,"caption":"Bestecasinosschweiz.ch"},"image":{"@id":"https:\/\/bestecasinosschweiz.ch\/it\/#\/schema\/logo\/image\/"}}]}},"_hostinger_reach_plugin_has_subscription_block":false,"_hostinger_reach_plugin_is_elementor":false,"uagb_featured_image_src":{"full":false,"thumbnail":false,"medium":false,"medium_large":false,"large":false,"1536x1536":false,"2048x2048":false,"mercury-custom-logo":false,"mercury-50-50":false,"mercury-100-100":false,"mercury-120-120":false,"mercury-135-135":false,"mercury-213-120":false,"mercury-270-270":false,"mercury-270-430":false,"mercury-340-447":false,"mercury-450-254":false,"mercury-450-317":false,"mercury-450-338":false,"mercury-450-450":false,"mercury-450-600":false,"mercury-450-717":false,"mercury-479-479":false,"mercury-570-270":false,"mercury-570-430":false,"mercury-570-570":false,"mercury-585-505":false,"mercury-737-556":false,"mercury-737-983":false,"mercury-767-767":false,"mercury-768-576":false,"mercury-900-675":false,"mercury-994-559":false,"mercury-1170-505":false,"mercury-2000-400":false,"mercury-9999-32":false,"mercury-9999-70":false,"mercury-9999-80":false,"mercury-9999-135":false,"poka-review-thumb":false,"poka-review-screen":false},"uagb_author_info":{"display_name":"Alex Baumgartner","author_link":"https:\/\/bestecasinosschweiz.ch\/it\/author\/internetspielh\/"},"uagb_comment_info":0,"uagb_excerpt":"La presente informativa sulla privacy chiarisce la natura, l&#8217;ambito e le finalit\u00e0 della raccolta e dell&#8217;utilizzo dei dati dei visitatori e degli utenti (di seguito ... Mehr lesen","_links":{"self":[{"href":"https:\/\/bestecasinosschweiz.ch\/it\/wp-json\/wp\/v2\/pages\/8453","targetHints":{"allow":["GET"]}}],"collection":[{"href":"https:\/\/bestecasinosschweiz.ch\/it\/wp-json\/wp\/v2\/pages"}],"about":[{"href":"https:\/\/bestecasinosschweiz.ch\/it\/wp-json\/wp\/v2\/types\/page"}],"author":[{"embeddable":true,"href":"https:\/\/bestecasinosschweiz.ch\/it\/wp-json\/wp\/v2\/users\/1"}],"replies":[{"embeddable":true,"href":"https:\/\/bestecasinosschweiz.ch\/it\/wp-json\/wp\/v2\/comments?post=8453"}],"version-history":[{"count":0,"href":"https:\/\/bestecasinosschweiz.ch\/it\/wp-json\/wp\/v2\/pages\/8453\/revisions"}],"wp:attachment":[{"href":"https:\/\/bestecasinosschweiz.ch\/it\/wp-json\/wp\/v2\/media?parent=8453"}],"curies":[{"name":"wp","href":"https:\/\/api.w.org\/{rel}","templated":true}]}}