{"id":8592,"date":"2023-07-14T06:59:32","date_gmt":"2023-07-14T06:59:32","guid":{"rendered":"https:\/\/bestecasinosschweiz.local\/contact-et-impression\/"},"modified":"2023-07-14T06:59:39","modified_gmt":"2023-07-14T06:59:39","slug":"contact-et-impression","status":"publish","type":"page","link":"https:\/\/bestecasinosschweiz.ch\/fr\/contact-et-impression\/","title":{"rendered":"Contact et impression"},"content":{"rendered":"\n<p><a href=\"http:\/\/bestecasinosschweiz.local\/\" target=\"_blank\" rel=\"noreferrer noopener\">https:\/\/bestecasinosschweiz.ch\/<\/a><\/p>\n\n<p>District de Kesklinna<br\/>Ville de Tallinn<br\/>Comt\u00e9 de Harju<\/p>\n\n<p>info@bestecasinosschweiz.ch<\/p>\n\n<p>Ce portail de comparaison est soumis aux dispositions l\u00e9gales de l&#8217;Estonie. En utilisant ce site web, vous acceptez nos conditions g\u00e9n\u00e9rales et notre politique de confidentialit\u00e9. L&#8217;utilisation par des personnes de moins de 18 ans est interdite.<\/p>\n","protected":false},"excerpt":{"rendered":"<p>https:\/\/bestecasinosschweiz.ch\/ District de KesklinnaVille de TallinnComt\u00e9 de Harju info@bestecasinosschweiz.ch Ce portail de comparaison est soumis aux dispositions l\u00e9gales de l&#8217;Estonie. En utilisant ce site web, &#8230; <a title=\"Contact et impression\" class=\"read-more\" href=\"https:\/\/bestecasinosschweiz.ch\/fr\/contact-et-impression\/\" aria-label=\"More on Contact et impression\">Mehr lesen<\/a><\/p>\n","protected":false},"author":1,"featured_media":0,"parent":0,"menu_order":0,"comment_status":"closed","ping_status":"closed","template":"","meta":{"_uag_custom_page_level_css":"","footnotes":""},"class_list":["post-8592","page","type-page","status-publish","hentry","infinite-scroll-item"],"yoast_head":"<!-- This site is optimized with the Yoast SEO plugin v27.1.1 - https:\/\/yoast.com\/product\/yoast-seo-wordpress\/ -->\n<title>Contact et impression sur Beste Casinos Schweiz.com2026 ]<\/title>\n<meta name=\"description\" content=\"Contact et impression sur Beste Casinos Schweiz.com2026 ] - Trouvez des informations de contact.\" \/>\n<meta name=\"robots\" content=\"noindex, follow\" \/>\n<meta property=\"og:locale\" content=\"fr_FR\" \/>\n<meta property=\"og:type\" content=\"article\" \/>\n<meta property=\"og:title\" content=\"Contact et impression sur Beste Casinos Schweiz.com2026 ]\" \/>\n<meta property=\"og:description\" content=\"Contact et impression sur Beste Casinos Schweiz.com2026 ] - Trouvez des informations de contact.\" \/>\n<meta property=\"og:url\" content=\"https:\/\/bestecasinosschweiz.ch\/fr\/contact-et-impression\/\" \/>\n<meta property=\"og:site_name\" content=\"Beste Casinos Schweiz\" \/>\n<meta property=\"article:modified_time\" content=\"2023-07-14T06:59:39+00:00\" \/>\n<meta name=\"twitter:card\" content=\"summary_large_image\" \/>\n<script type=\"application\/ld+json\" class=\"yoast-schema-graph\">{\"@context\":\"https:\/\/schema.org\",\"@graph\":[{\"@type\":\"WebPage\",\"@id\":\"https:\/\/bestecasinosschweiz.ch\/fr\/contact-et-impression\/\",\"url\":\"https:\/\/bestecasinosschweiz.ch\/fr\/contact-et-impression\/\",\"name\":\"Contact et impression sur Beste Casinos Schweiz.com2026 ]\",\"isPartOf\":{\"@id\":\"https:\/\/bestecasinosschweiz.ch\/fr\/#website\"},\"datePublished\":\"2023-07-14T06:59:32+00:00\",\"dateModified\":\"2023-07-14T06:59:39+00:00\",\"description\":\"Contact et impression sur Beste Casinos Schweiz.com2026 ] - Trouvez des informations de contact.\",\"breadcrumb\":{\"@id\":\"https:\/\/bestecasinosschweiz.ch\/fr\/contact-et-impression\/#breadcrumb\"},\"inLanguage\":\"fr-CH\",\"potentialAction\":[{\"@type\":\"ReadAction\",\"target\":[\"https:\/\/bestecasinosschweiz.ch\/fr\/contact-et-impression\/\"]}]},{\"@type\":\"BreadcrumbList\",\"@id\":\"https:\/\/bestecasinosschweiz.ch\/fr\/contact-et-impression\/#breadcrumb\",\"itemListElement\":[{\"@type\":\"ListItem\",\"position\":1,\"name\":\"Startseite\",\"item\":\"https:\/\/bestecasinosschweiz.ch\/fr\/\"},{\"@type\":\"ListItem\",\"position\":2,\"name\":\"Contact et impression\"}]},{\"@type\":\"WebSite\",\"@id\":\"https:\/\/bestecasinosschweiz.ch\/fr\/#website\",\"url\":\"https:\/\/bestecasinosschweiz.ch\/fr\/\",\"name\":\"Beste Casinos Schweiz\",\"description\":\"Die besten Online Casinos der Schweiz\",\"publisher\":{\"@id\":\"https:\/\/bestecasinosschweiz.ch\/fr\/#organization\"},\"potentialAction\":[{\"@type\":\"SearchAction\",\"target\":{\"@type\":\"EntryPoint\",\"urlTemplate\":\"https:\/\/bestecasinosschweiz.ch\/fr\/?s={search_term_string}\"},\"query-input\":{\"@type\":\"PropertyValueSpecification\",\"valueRequired\":true,\"valueName\":\"search_term_string\"}}],\"inLanguage\":\"fr-CH\"},{\"@type\":\"Organization\",\"@id\":\"https:\/\/bestecasinosschweiz.ch\/fr\/#organization\",\"name\":\"Bestecasinosschweiz.ch\",\"url\":\"https:\/\/bestecasinosschweiz.ch\/fr\/\",\"logo\":{\"@type\":\"ImageObject\",\"inLanguage\":\"fr-CH\",\"@id\":\"https:\/\/bestecasinosschweiz.ch\/fr\/#\/schema\/logo\/image\/\",\"url\":\"https:\/\/bestecasinosschweiz.ch\/wp-content\/uploads\/BesteCasinosSchweiz-Retina.png\",\"contentUrl\":\"https:\/\/bestecasinosschweiz.ch\/wp-content\/uploads\/BesteCasinosSchweiz-Retina.png\",\"width\":274,\"height\":144,\"caption\":\"Bestecasinosschweiz.ch\"},\"image\":{\"@id\":\"https:\/\/bestecasinosschweiz.ch\/fr\/#\/schema\/logo\/image\/\"}}]}<\/script>\n<!-- \/ Yoast SEO plugin. -->","yoast_head_json":{"title":"Contact et impression sur Beste Casinos Schweiz.com2026 ]","description":"Contact et impression sur Beste Casinos Schweiz.com2026 ] - Trouvez des informations de contact.","robots":{"index":"noindex","follow":"follow"},"og_locale":"fr_FR","og_type":"article","og_title":"Contact et impression sur Beste Casinos Schweiz.com2026 ]","og_description":"Contact et impression sur Beste Casinos Schweiz.com2026 ] - Trouvez des informations de contact.","og_url":"https:\/\/bestecasinosschweiz.ch\/fr\/contact-et-impression\/","og_site_name":"Beste Casinos Schweiz","article_modified_time":"2023-07-14T06:59:39+00:00","twitter_card":"summary_large_image","schema":{"@context":"https:\/\/schema.org","@graph":[{"@type":"WebPage","@id":"https:\/\/bestecasinosschweiz.ch\/fr\/contact-et-impression\/","url":"https:\/\/bestecasinosschweiz.ch\/fr\/contact-et-impression\/","name":"Contact et impression sur Beste Casinos Schweiz.com2026 ]","isPartOf":{"@id":"https:\/\/bestecasinosschweiz.ch\/fr\/#website"},"datePublished":"2023-07-14T06:59:32+00:00","dateModified":"2023-07-14T06:59:39+00:00","description":"Contact et impression sur Beste Casinos Schweiz.com2026 ] - Trouvez des informations de contact.","breadcrumb":{"@id":"https:\/\/bestecasinosschweiz.ch\/fr\/contact-et-impression\/#breadcrumb"},"inLanguage":"fr-CH","potentialAction":[{"@type":"ReadAction","target":["https:\/\/bestecasinosschweiz.ch\/fr\/contact-et-impression\/"]}]},{"@type":"BreadcrumbList","@id":"https:\/\/bestecasinosschweiz.ch\/fr\/contact-et-impression\/#breadcrumb","itemListElement":[{"@type":"ListItem","position":1,"name":"Startseite","item":"https:\/\/bestecasinosschweiz.ch\/fr\/"},{"@type":"ListItem","position":2,"name":"Contact et impression"}]},{"@type":"WebSite","@id":"https:\/\/bestecasinosschweiz.ch\/fr\/#website","url":"https:\/\/bestecasinosschweiz.ch\/fr\/","name":"Beste Casinos Schweiz","description":"Die besten Online Casinos der Schweiz","publisher":{"@id":"https:\/\/bestecasinosschweiz.ch\/fr\/#organization"},"potentialAction":[{"@type":"SearchAction","target":{"@type":"EntryPoint","urlTemplate":"https:\/\/bestecasinosschweiz.ch\/fr\/?s={search_term_string}"},"query-input":{"@type":"PropertyValueSpecification","valueRequired":true,"valueName":"search_term_string"}}],"inLanguage":"fr-CH"},{"@type":"Organization","@id":"https:\/\/bestecasinosschweiz.ch\/fr\/#organization","name":"Bestecasinosschweiz.ch","url":"https:\/\/bestecasinosschweiz.ch\/fr\/","logo":{"@type":"ImageObject","inLanguage":"fr-CH","@id":"https:\/\/bestecasinosschweiz.ch\/fr\/#\/schema\/logo\/image\/","url":"https:\/\/bestecasinosschweiz.ch\/wp-content\/uploads\/BesteCasinosSchweiz-Retina.png","contentUrl":"https:\/\/bestecasinosschweiz.ch\/wp-content\/uploads\/BesteCasinosSchweiz-Retina.png","width":274,"height":144,"caption":"Bestecasinosschweiz.ch"},"image":{"@id":"https:\/\/bestecasinosschweiz.ch\/fr\/#\/schema\/logo\/image\/"}}]}},"_hostinger_reach_plugin_has_subscription_block":false,"_hostinger_reach_plugin_is_elementor":false,"uagb_featured_image_src":{"full":false,"thumbnail":false,"medium":false,"medium_large":false,"large":false,"1536x1536":false,"2048x2048":false,"mercury-custom-logo":false,"mercury-50-50":false,"mercury-100-100":false,"mercury-120-120":false,"mercury-135-135":false,"mercury-213-120":false,"mercury-270-270":false,"mercury-270-430":false,"mercury-340-447":false,"mercury-450-254":false,"mercury-450-317":false,"mercury-450-338":false,"mercury-450-450":false,"mercury-450-600":false,"mercury-450-717":false,"mercury-479-479":false,"mercury-570-270":false,"mercury-570-430":false,"mercury-570-570":false,"mercury-585-505":false,"mercury-737-556":false,"mercury-737-983":false,"mercury-767-767":false,"mercury-768-576":false,"mercury-900-675":false,"mercury-994-559":false,"mercury-1170-505":false,"mercury-2000-400":false,"mercury-9999-32":false,"mercury-9999-70":false,"mercury-9999-80":false,"mercury-9999-135":false,"poka-review-thumb":false,"poka-review-screen":false},"uagb_author_info":{"display_name":"Alex Baumgartner","author_link":"https:\/\/bestecasinosschweiz.ch\/fr\/author\/internetspielh\/"},"uagb_comment_info":0,"uagb_excerpt":"https:\/\/bestecasinosschweiz.ch\/ District de KesklinnaVille de TallinnComt\u00e9 de Harju info@bestecasinosschweiz.ch Ce portail de comparaison est soumis aux dispositions l\u00e9gales de l&#8217;Estonie. En utilisant ce site web, ... Mehr lesen","_links":{"self":[{"href":"https:\/\/bestecasinosschweiz.ch\/fr\/wp-json\/wp\/v2\/pages\/8592","targetHints":{"allow":["GET"]}}],"collection":[{"href":"https:\/\/bestecasinosschweiz.ch\/fr\/wp-json\/wp\/v2\/pages"}],"about":[{"href":"https:\/\/bestecasinosschweiz.ch\/fr\/wp-json\/wp\/v2\/types\/page"}],"author":[{"embeddable":true,"href":"https:\/\/bestecasinosschweiz.ch\/fr\/wp-json\/wp\/v2\/users\/1"}],"replies":[{"embeddable":true,"href":"https:\/\/bestecasinosschweiz.ch\/fr\/wp-json\/wp\/v2\/comments?post=8592"}],"version-history":[{"count":0,"href":"https:\/\/bestecasinosschweiz.ch\/fr\/wp-json\/wp\/v2\/pages\/8592\/revisions"}],"wp:attachment":[{"href":"https:\/\/bestecasinosschweiz.ch\/fr\/wp-json\/wp\/v2\/media?parent=8592"}],"curies":[{"name":"wp","href":"https:\/\/api.w.org\/{rel}","templated":true}]}}