{"id":8446,"date":"2023-07-14T06:56:05","date_gmt":"2023-07-14T06:56:05","guid":{"rendered":"https:\/\/bestecasinosschweiz.local\/politique-de-confidentialite\/"},"modified":"2023-07-14T06:56:08","modified_gmt":"2023-07-14T06:56:08","slug":"politique-de-confidentialite","status":"publish","type":"page","link":"https:\/\/bestecasinosschweiz.ch\/fr\/politique-de-confidentialite\/","title":{"rendered":"Politique de confidentialit\u00e9"},"content":{"rendered":"\n<p>Cette d\u00e9claration de confidentialit\u00e9 explique la nature, l&#8217;\u00e9tendue et les objectifs de la collecte et l&#8217;utilisation des donn\u00e9es des visiteurs et des utilisateurs (ci-apr\u00e8s d\u00e9nomm\u00e9s collectivement &#8220;utilisateurs&#8221;) par Bestecasinosschweiz.ch (ci-apr\u00e8s d\u00e9nomm\u00e9 &#8220;fournisseur&#8221;) en tant que responsable de la protection des donn\u00e9es.<\/p>\n\n<p>Pour toute question concernant la protection des donn\u00e9es, vous pouvez nous contacter par e-mail \u00e0 l&#8217;adresse suivante : info@bestecasinosschweiz.ch  <\/p>\n\n<p>Collecte des donn\u00e9es d&#8217;acc\u00e8s<br\/>Le fournisseur collecte des donn\u00e9es sur chaque acc\u00e8s \u00e0 l&#8217;offre en ligne (ce que l&#8217;on appelle les fichiers journaux du serveur). Les donn\u00e9es d&#8217;acc\u00e8s comprennent le nom du site web consult\u00e9, le fichier, la date et l&#8217;heure de l&#8217;acc\u00e8s, la quantit\u00e9 de donn\u00e9es transf\u00e9r\u00e9es, la notification d&#8217;un acc\u00e8s r\u00e9ussi, le type et la version du navigateur, le syst\u00e8me d&#8217;exploitation de l&#8217;utilisateur, l&#8217;URL de r\u00e9f\u00e9rence (la page pr\u00e9c\u00e9demment visit\u00e9e), l&#8217;adresse IP et le fournisseur demandeur.<\/p>\n\n<p>Le fournisseur utilise les donn\u00e9es log sans attribution \u00e0 la personne de l&#8217;utilisateur ou autre profilage conform\u00e9ment aux dispositions l\u00e9gales uniquement pour des \u00e9valuations statistiques aux fins de l&#8217;exploitation, de la s\u00e9curit\u00e9 et de l&#8217;optimisation de l&#8217;offre en ligne. Le fournisseur se r\u00e9serve toutefois le droit de v\u00e9rifier ult\u00e9rieurement les donn\u00e9es du journal s&#8217;il existe un soup\u00e7on justifi\u00e9 d&#8217;utilisation illicite en raison d&#8217;indices concrets.<\/p>\n\n<p>Collecte et utilisation des donn\u00e9es personnelles<br\/>Les donn\u00e9es personnelles ne sont collect\u00e9es et utilis\u00e9es par le fournisseur que si cela est autoris\u00e9 par la loi ou si les utilisateurs consentent \u00e0 la collecte des donn\u00e9es. En r\u00e8gle g\u00e9n\u00e9rale, l&#8217;utilisateur peut reconna\u00eetre quelles donn\u00e9es sont stock\u00e9es lors de l&#8217;utilisation du service, par exemple le nom, l&#8217;adresse \u00e9lectronique et le message lors de l&#8217;utilisation d&#8217;un formulaire de commande ou de la cr\u00e9ation d&#8217;un compte d&#8217;utilisateur.<\/p>\n\n<p>Lors de la prise de contact avec le fournisseur (via le formulaire de contact ou par courriel), les donn\u00e9es de l&#8217;utilisateur sont conserv\u00e9es afin de traiter la demande et de r\u00e9pondre \u00e0 d&#8217;\u00e9ventuelles questions compl\u00e9mentaires.<\/p>\n\n<p>Le fournisseur a pris des mesures de s\u00e9curit\u00e9 organisationnelles, contractuelles et techniques pour s&#8217;assurer que les dispositions de la l\u00e9gislation sur la protection des donn\u00e9es sont respect\u00e9es et pour emp\u00eacher toute manipulation accidentelle ou intentionnelle, perte, destruction ou acc\u00e8s par des personnes non autoris\u00e9es.<\/p>\n\n<p>Transmission de donn\u00e9es \u00e0 des tiers<br\/>Les donn\u00e9es des utilisateurs ne seront transmises \u00e0 des tiers que si cela est autoris\u00e9 par la loi ou si l&#8217;utilisateur a consenti \u00e0 cette transmission.<br\/>C&#8217;est le cas, par exemple, lorsque les donn\u00e9es sont demand\u00e9es par des autorit\u00e9s comp\u00e9tentes telles que les services r\u00e9pressifs.<br\/>Les donn\u00e9es personnelles des utilisateurs ne seront en aucun cas vendues ou transmises \u00e0 des tiers \u00e0 des fins publicitaires ou pour la cr\u00e9ation de profils d&#8217;utilisateurs.<\/p>\n\n<p>Cookies<br\/>Le fournisseur utilise des &#8220;cookies&#8221; dans le cadre de son offre en ligne. Les cookies sont de petits fichiers qui sont stock\u00e9s sur l&#8217;ordinateur de l&#8217;utilisateur et peuvent sauvegarder des informations pour les fournisseurs. Les cookies temporaires sont supprim\u00e9s apr\u00e8s la fermeture du navigateur, les cookies permanents sont conserv\u00e9s pendant une p\u00e9riode pr\u00e9d\u00e9finie et peuvent fournir les informations stock\u00e9es lorsque l&#8217;offre en ligne est de nouveau consult\u00e9e.<br\/>Les cookies sont utilis\u00e9s d&#8217;une part pour faciliter l&#8217;utilisation du service. Par exemple, un cookie enregistre le statut du panier d&#8217;un utilisateur ou sait si un utilisateur s&#8217;est d\u00e9j\u00e0 connect\u00e9 via son navigateur.<br\/>L&#8217;utilisateur peut influencer l&#8217;utilisation des cookies. La plupart des navigateurs ont une option permettant de restreindre ou d&#8217;emp\u00eacher compl\u00e8tement l&#8217;enregistrement des cookies. Le fournisseur s&#8217;efforce de concevoir l&#8217;offre en ligne de mani\u00e8re \u00e0 ce que l&#8217;utilisation de cookies ne soit pas n\u00e9cessaire. Toutefois, il est pr\u00e9cis\u00e9 que l&#8217;utilisation et notamment le confort d&#8217;utilisation seront limit\u00e9s sans les cookies.<\/p>\n\n<p>Google Analytics<br\/>Le fournisseur utilise le service &#8220;Google Analytics&#8221;, qui est fourni par Google Inc. (1600 Amphitheatre Parkway Mountain View, CA 94043, USA) pour analyser l&#8217;utilisation du site web par l&#8217;utilisateur. Le service utilise des &#8220;cookies&#8221;. Les informations recueillies par les cookies sont g\u00e9n\u00e9ralement envoy\u00e9es \u00e0 un serveur de Google aux \u00c9tats-Unis et y sont stock\u00e9es.<\/p>\n\n<p>Vous avez la possibilit\u00e9 d&#8217;emp\u00eacher le stockage du cookie sur votre appareil en effectuant les r\u00e9glages appropri\u00e9s dans votre navigateur. Il n&#8217;est pas garanti que vous puissiez acc\u00e9der \u00e0 toutes les fonctions de ce site web sans restrictions si votre navigateur n&#8217;autorise pas les cookies.<\/p>\n\n<p>En outre, vous pouvez utiliser un plug-in de navigateur pour emp\u00eacher que les informations collect\u00e9es par les cookies (y compris votre adresse IP) soient transmises \u00e0 Google Inc. et envoy\u00e9 par Google Inc. \u00eatre utilis\u00e9. Le lien suivant vous m\u00e8nera au plugin correspondant : https:\/\/tools.google.com\/dlpage\/gaoptout ?<\/p>\n\n<p>Vous trouverez ici de plus amples informations sur l&#8217;utilisation des donn\u00e9es par Google Inc : https:\/\/support.google.com\/analytics\/answer\/6004245?hl=de.<\/p>\n\n<p>Affiliation de jeu<br\/>Nous utilisons les services de Gambling-Affiliation.com (ci-apr\u00e8s &#8220;GA&#8221;), un fournisseur tiers, pour afficher certains supports publicitaires sous forme de banni\u00e8res cliquables, de boutons et de liens. Lorsque nous affichons ces publicit\u00e9s ou lorsque vous cliquez sur ces publicit\u00e9s, &#8220;GA&#8221; collecte votre adresse IP \u00e0 des fins de d\u00e9tection des fraudes, puis vous redirige vers le site de l&#8217;annonceur. Dans certains cas, des cookies &#8220;GA&#8221; sont stock\u00e9s sur votre appareil. Pour plus d&#8217;informations, veuillez consulter la politique des cookies &#8220;GA&#8221; sur https:\/\/www.gambling-affiliation.com\/en\/cookies-policy<\/p>\n\n<p>R\u00e9vocation, modifications, corrections et mises \u00e0 jour<br\/>L&#8217;utilisateur a le droit, sur demande et gratuitement, de recevoir des informations sur les donn\u00e9es personnelles stock\u00e9es \u00e0 son sujet par le fournisseur. Les d\u00e9tails de contact se trouvent dans les mentions l\u00e9gales du fournisseur.<br\/>En outre, l&#8217;utilisateur a le droit de corriger les donn\u00e9es incorrectes, de bloquer et de supprimer ses donn\u00e9es personnelles, pour autant qu&#8217;il n&#8217;existe aucune obligation l\u00e9gale de conserver ces donn\u00e9es.<\/p>\n\n<p>Modifications de la politique de confidentialit\u00e9<br\/>Le prestataire se r\u00e9serve le droit de modifier la d\u00e9claration de protection des donn\u00e9es afin de l&#8217;adapter aux changements de la situation juridique ou en cas de modification du service et du traitement des donn\u00e9es.<\/p>\n","protected":false},"excerpt":{"rendered":"<p>Cette d\u00e9claration de confidentialit\u00e9 explique la nature, l&#8217;\u00e9tendue et les objectifs de la collecte et l&#8217;utilisation des donn\u00e9es des visiteurs et des utilisateurs (ci-apr\u00e8s d\u00e9nomm\u00e9s &#8230; <a title=\"Politique de confidentialit\u00e9\" class=\"read-more\" href=\"https:\/\/bestecasinosschweiz.ch\/fr\/politique-de-confidentialite\/\" aria-label=\"More on Politique de confidentialit\u00e9\">Mehr lesen<\/a><\/p>\n","protected":false},"author":1,"featured_media":0,"parent":0,"menu_order":0,"comment_status":"closed","ping_status":"closed","template":"","meta":{"_uag_custom_page_level_css":"","footnotes":""},"class_list":["post-8446","page","type-page","status-publish","hentry","infinite-scroll-item"],"yoast_head":"<!-- This site is optimized with the Yoast SEO plugin v27.1.1 - https:\/\/yoast.com\/product\/yoast-seo-wordpress\/ -->\n<title>Politique de confidentialit\u00e9 to Beste Casinos Schweiz -2026 ]<\/title>\n<meta name=\"description\" content=\"Vous trouverez ici la politique de confidentialit\u00e9 de Internetspielhalle.com. Passez d\u00e8s maintenant pour en savoir plus sur la protection des donn\u00e9es.\" \/>\n<meta name=\"robots\" content=\"noindex, follow\" \/>\n<meta property=\"og:locale\" content=\"fr_FR\" \/>\n<meta property=\"og:type\" content=\"article\" \/>\n<meta property=\"og:title\" content=\"Politique de confidentialit\u00e9 to Beste Casinos Schweiz -2026 ]\" \/>\n<meta property=\"og:description\" content=\"Vous trouverez ici la politique de confidentialit\u00e9 de Internetspielhalle.com. Passez d\u00e8s maintenant pour en savoir plus sur la protection des donn\u00e9es.\" \/>\n<meta property=\"og:url\" content=\"https:\/\/bestecasinosschweiz.ch\/fr\/politique-de-confidentialite\/\" \/>\n<meta property=\"og:site_name\" content=\"Beste Casinos Schweiz\" \/>\n<meta property=\"article:modified_time\" content=\"2023-07-14T06:56:08+00:00\" \/>\n<meta name=\"twitter:card\" content=\"summary_large_image\" \/>\n<meta name=\"twitter:label1\" content=\"Est. reading time\" \/>\n\t<meta name=\"twitter:data1\" content=\"5 minutes\" \/>\n<script type=\"application\/ld+json\" class=\"yoast-schema-graph\">{\"@context\":\"https:\/\/schema.org\",\"@graph\":[{\"@type\":\"WebPage\",\"@id\":\"https:\/\/bestecasinosschweiz.ch\/fr\/politique-de-confidentialite\/\",\"url\":\"https:\/\/bestecasinosschweiz.ch\/fr\/politique-de-confidentialite\/\",\"name\":\"Politique de confidentialit\u00e9 to Beste Casinos Schweiz -2026 ]\",\"isPartOf\":{\"@id\":\"https:\/\/bestecasinosschweiz.ch\/fr\/#website\"},\"datePublished\":\"2023-07-14T06:56:05+00:00\",\"dateModified\":\"2023-07-14T06:56:08+00:00\",\"description\":\"Vous trouverez ici la politique de confidentialit\u00e9 de Internetspielhalle.com. Passez d\u00e8s maintenant pour en savoir plus sur la protection des donn\u00e9es.\",\"breadcrumb\":{\"@id\":\"https:\/\/bestecasinosschweiz.ch\/fr\/politique-de-confidentialite\/#breadcrumb\"},\"inLanguage\":\"fr-CH\",\"potentialAction\":[{\"@type\":\"ReadAction\",\"target\":[\"https:\/\/bestecasinosschweiz.ch\/fr\/politique-de-confidentialite\/\"]}]},{\"@type\":\"BreadcrumbList\",\"@id\":\"https:\/\/bestecasinosschweiz.ch\/fr\/politique-de-confidentialite\/#breadcrumb\",\"itemListElement\":[{\"@type\":\"ListItem\",\"position\":1,\"name\":\"Startseite\",\"item\":\"https:\/\/bestecasinosschweiz.ch\/fr\/\"},{\"@type\":\"ListItem\",\"position\":2,\"name\":\"Politique de confidentialit\u00e9\"}]},{\"@type\":\"WebSite\",\"@id\":\"https:\/\/bestecasinosschweiz.ch\/fr\/#website\",\"url\":\"https:\/\/bestecasinosschweiz.ch\/fr\/\",\"name\":\"Beste Casinos Schweiz\",\"description\":\"Die besten Online Casinos der Schweiz\",\"publisher\":{\"@id\":\"https:\/\/bestecasinosschweiz.ch\/fr\/#organization\"},\"potentialAction\":[{\"@type\":\"SearchAction\",\"target\":{\"@type\":\"EntryPoint\",\"urlTemplate\":\"https:\/\/bestecasinosschweiz.ch\/fr\/?s={search_term_string}\"},\"query-input\":{\"@type\":\"PropertyValueSpecification\",\"valueRequired\":true,\"valueName\":\"search_term_string\"}}],\"inLanguage\":\"fr-CH\"},{\"@type\":\"Organization\",\"@id\":\"https:\/\/bestecasinosschweiz.ch\/fr\/#organization\",\"name\":\"Bestecasinosschweiz.ch\",\"url\":\"https:\/\/bestecasinosschweiz.ch\/fr\/\",\"logo\":{\"@type\":\"ImageObject\",\"inLanguage\":\"fr-CH\",\"@id\":\"https:\/\/bestecasinosschweiz.ch\/fr\/#\/schema\/logo\/image\/\",\"url\":\"https:\/\/bestecasinosschweiz.ch\/wp-content\/uploads\/BesteCasinosSchweiz-Retina.png\",\"contentUrl\":\"https:\/\/bestecasinosschweiz.ch\/wp-content\/uploads\/BesteCasinosSchweiz-Retina.png\",\"width\":274,\"height\":144,\"caption\":\"Bestecasinosschweiz.ch\"},\"image\":{\"@id\":\"https:\/\/bestecasinosschweiz.ch\/fr\/#\/schema\/logo\/image\/\"}}]}<\/script>\n<!-- \/ Yoast SEO plugin. -->","yoast_head_json":{"title":"Politique de confidentialit\u00e9 to Beste Casinos Schweiz -2026 ]","description":"Vous trouverez ici la politique de confidentialit\u00e9 de Internetspielhalle.com. Passez d\u00e8s maintenant pour en savoir plus sur la protection des donn\u00e9es.","robots":{"index":"noindex","follow":"follow"},"og_locale":"fr_FR","og_type":"article","og_title":"Politique de confidentialit\u00e9 to Beste Casinos Schweiz -2026 ]","og_description":"Vous trouverez ici la politique de confidentialit\u00e9 de Internetspielhalle.com. Passez d\u00e8s maintenant pour en savoir plus sur la protection des donn\u00e9es.","og_url":"https:\/\/bestecasinosschweiz.ch\/fr\/politique-de-confidentialite\/","og_site_name":"Beste Casinos Schweiz","article_modified_time":"2023-07-14T06:56:08+00:00","twitter_card":"summary_large_image","twitter_misc":{"Est. reading time":"5 minutes"},"schema":{"@context":"https:\/\/schema.org","@graph":[{"@type":"WebPage","@id":"https:\/\/bestecasinosschweiz.ch\/fr\/politique-de-confidentialite\/","url":"https:\/\/bestecasinosschweiz.ch\/fr\/politique-de-confidentialite\/","name":"Politique de confidentialit\u00e9 to Beste Casinos Schweiz -2026 ]","isPartOf":{"@id":"https:\/\/bestecasinosschweiz.ch\/fr\/#website"},"datePublished":"2023-07-14T06:56:05+00:00","dateModified":"2023-07-14T06:56:08+00:00","description":"Vous trouverez ici la politique de confidentialit\u00e9 de Internetspielhalle.com. Passez d\u00e8s maintenant pour en savoir plus sur la protection des donn\u00e9es.","breadcrumb":{"@id":"https:\/\/bestecasinosschweiz.ch\/fr\/politique-de-confidentialite\/#breadcrumb"},"inLanguage":"fr-CH","potentialAction":[{"@type":"ReadAction","target":["https:\/\/bestecasinosschweiz.ch\/fr\/politique-de-confidentialite\/"]}]},{"@type":"BreadcrumbList","@id":"https:\/\/bestecasinosschweiz.ch\/fr\/politique-de-confidentialite\/#breadcrumb","itemListElement":[{"@type":"ListItem","position":1,"name":"Startseite","item":"https:\/\/bestecasinosschweiz.ch\/fr\/"},{"@type":"ListItem","position":2,"name":"Politique de confidentialit\u00e9"}]},{"@type":"WebSite","@id":"https:\/\/bestecasinosschweiz.ch\/fr\/#website","url":"https:\/\/bestecasinosschweiz.ch\/fr\/","name":"Beste Casinos Schweiz","description":"Die besten Online Casinos der Schweiz","publisher":{"@id":"https:\/\/bestecasinosschweiz.ch\/fr\/#organization"},"potentialAction":[{"@type":"SearchAction","target":{"@type":"EntryPoint","urlTemplate":"https:\/\/bestecasinosschweiz.ch\/fr\/?s={search_term_string}"},"query-input":{"@type":"PropertyValueSpecification","valueRequired":true,"valueName":"search_term_string"}}],"inLanguage":"fr-CH"},{"@type":"Organization","@id":"https:\/\/bestecasinosschweiz.ch\/fr\/#organization","name":"Bestecasinosschweiz.ch","url":"https:\/\/bestecasinosschweiz.ch\/fr\/","logo":{"@type":"ImageObject","inLanguage":"fr-CH","@id":"https:\/\/bestecasinosschweiz.ch\/fr\/#\/schema\/logo\/image\/","url":"https:\/\/bestecasinosschweiz.ch\/wp-content\/uploads\/BesteCasinosSchweiz-Retina.png","contentUrl":"https:\/\/bestecasinosschweiz.ch\/wp-content\/uploads\/BesteCasinosSchweiz-Retina.png","width":274,"height":144,"caption":"Bestecasinosschweiz.ch"},"image":{"@id":"https:\/\/bestecasinosschweiz.ch\/fr\/#\/schema\/logo\/image\/"}}]}},"_hostinger_reach_plugin_has_subscription_block":false,"_hostinger_reach_plugin_is_elementor":false,"uagb_featured_image_src":{"full":false,"thumbnail":false,"medium":false,"medium_large":false,"large":false,"1536x1536":false,"2048x2048":false,"mercury-custom-logo":false,"mercury-50-50":false,"mercury-100-100":false,"mercury-120-120":false,"mercury-135-135":false,"mercury-213-120":false,"mercury-270-270":false,"mercury-270-430":false,"mercury-340-447":false,"mercury-450-254":false,"mercury-450-317":false,"mercury-450-338":false,"mercury-450-450":false,"mercury-450-600":false,"mercury-450-717":false,"mercury-479-479":false,"mercury-570-270":false,"mercury-570-430":false,"mercury-570-570":false,"mercury-585-505":false,"mercury-737-556":false,"mercury-737-983":false,"mercury-767-767":false,"mercury-768-576":false,"mercury-900-675":false,"mercury-994-559":false,"mercury-1170-505":false,"mercury-2000-400":false,"mercury-9999-32":false,"mercury-9999-70":false,"mercury-9999-80":false,"mercury-9999-135":false,"poka-review-thumb":false,"poka-review-screen":false},"uagb_author_info":{"display_name":"Alex Baumgartner","author_link":"https:\/\/bestecasinosschweiz.ch\/fr\/author\/internetspielh\/"},"uagb_comment_info":0,"uagb_excerpt":"Cette d\u00e9claration de confidentialit\u00e9 explique la nature, l&#8217;\u00e9tendue et les objectifs de la collecte et l&#8217;utilisation des donn\u00e9es des visiteurs et des utilisateurs (ci-apr\u00e8s d\u00e9nomm\u00e9s ... Mehr lesen","_links":{"self":[{"href":"https:\/\/bestecasinosschweiz.ch\/fr\/wp-json\/wp\/v2\/pages\/8446","targetHints":{"allow":["GET"]}}],"collection":[{"href":"https:\/\/bestecasinosschweiz.ch\/fr\/wp-json\/wp\/v2\/pages"}],"about":[{"href":"https:\/\/bestecasinosschweiz.ch\/fr\/wp-json\/wp\/v2\/types\/page"}],"author":[{"embeddable":true,"href":"https:\/\/bestecasinosschweiz.ch\/fr\/wp-json\/wp\/v2\/users\/1"}],"replies":[{"embeddable":true,"href":"https:\/\/bestecasinosschweiz.ch\/fr\/wp-json\/wp\/v2\/comments?post=8446"}],"version-history":[{"count":0,"href":"https:\/\/bestecasinosschweiz.ch\/fr\/wp-json\/wp\/v2\/pages\/8446\/revisions"}],"wp:attachment":[{"href":"https:\/\/bestecasinosschweiz.ch\/fr\/wp-json\/wp\/v2\/media?parent=8446"}],"curies":[{"name":"wp","href":"https:\/\/api.w.org\/{rel}","templated":true}]}}